{"id":67,"date":"2026-02-19T19:58:48","date_gmt":"2026-02-19T19:58:48","guid":{"rendered":"https:\/\/autoprime.ia.reway.com.br\/?page_id=67"},"modified":"2026-02-19T20:09:19","modified_gmt":"2026-02-19T20:09:19","slug":"obrigado","status":"publish","type":"page","link":"https:\/\/autoprime.ia.reway.com.br\/index.php\/obrigado\/","title":{"rendered":"Obrigado"},"content":{"rendered":"\t\t<div data-elementor-type=\"wp-page\" data-elementor-id=\"67\" class=\"elementor elementor-67\">\n\t\t\t\t<div class=\"elementor-element elementor-element-2ede180 e-flex e-con-boxed e-con e-parent\" data-id=\"2ede180\" data-element_type=\"container\" data-e-type=\"container\">\n\t\t\t\t\t<div class=\"e-con-inner\">\n\t\t\t\t<div class=\"elementor-element elementor-element-f70d8a2 elementor-widget elementor-widget-html\" data-id=\"f70d8a2\" data-element_type=\"widget\" data-e-type=\"widget\" data-widget_type=\"html.default\">\n\t\t\t\t\t<!DOCTYPE html>\n<html lang=\"pt-BR\">\n<head>\n    <meta charset=\"UTF-8\">\n    <meta name=\"viewport\" content=\"width=device-width, initial-scale=1.0\">\n    <title>Redirecionando para pagamento \u2014 AutoPrime<\/title>\n    <link rel=\"preconnect\" href=\"https:\/\/fonts.googleapis.com\">\n    <link href=\"https:\/\/fonts.googleapis.com\/css2?family=Bebas+Neue&family=DM+Sans:ital,wght@0,400;0,500;0,600;0,700;1,400&display=swap\" rel=\"stylesheet\">\n    <style>\n        :root {\n            --primary: #FF6B00;\n            --primary-dark: #E05500;\n            --primary-glow: rgba(255, 107, 0, 0.35);\n            --dark: #0A0A0F;\n            --dark-card: #12121A;\n            --dark-lighter: #1A1A25;\n            --gray: #8A8A9A;\n            --light: #F0F0F5;\n            --white: #FFFFFF;\n            --green: #00D26A;\n            --green-glow: rgba(0, 210, 106, 0.2);\n            --red: #FF3B3B;\n        }\n\n        * {\n            margin: 0;\n            padding: 0;\n            box-sizing: border-box;\n        }\n\n        body {\n            font-family: 'DM Sans', sans-serif;\n            background: var(--dark);\n            color: var(--white);\n            overflow-x: hidden;\n            -webkit-font-smoothing: antialiased;\n        }\n\n        body::before {\n            content: '';\n            position: fixed;\n            top: 0; left: 0; right: 0; bottom: 0;\n            background-image: url(\"data:image\/svg+xml,%3Csvg viewBox='0 0 256 256' xmlns='http:\/\/www.w3.org\/2000\/svg'%3E%3Cfilter id='noise'%3E%3CfeTurbulence type='fractalNoise' baseFrequency='0.9' numOctaves='4' stitchTiles='stitch'\/%3E%3C\/filter%3E%3Crect width='100%25' height='100%25' filter='url(%23noise)' opacity='0.03'\/%3E%3C\/svg%3E\");\n            pointer-events: none;\n            z-index: 9999;\n        }\n\n        .container {\n            max-width: 960px;\n            margin: 0 auto;\n            padding: 0 24px;\n        }\n\n        \/* === CONVERSION PAGE === *\/\n        .conversion-page {\n            min-height: 100vh;\n            display: flex;\n            align-items: center;\n            justify-content: center;\n            padding: 40px 0;\n        }\n\n        .conversion-content {\n            text-align: center;\n            max-width: 600px;\n        }\n\n        .logo-conversion {\n            font-family: 'Bebas Neue', sans-serif;\n            font-size: 48px;\n            letter-spacing: 4px;\n            margin-bottom: 32px;\n            animation: fadeInDown 0.7s ease;\n        }\n\n        .logo-conversion span {\n            color: var(--primary);\n        }\n\n        .conversion-box {\n            background: var(--dark-card);\n            border: 1px solid rgba(255,255,255,0.06);\n            border-radius: 24px;\n            padding: 48px 40px;\n            position: relative;\n            overflow: hidden;\n        }\n\n        .conversion-box::before {\n            content: '';\n            position: absolute;\n            top: -50%;\n            left: -50%;\n            width: 200%;\n            height: 200%;\n            background: radial-gradient(circle at center, var(--primary-glow) 0%, transparent 50%);\n            opacity: 0.15;\n            pointer-events: none;\n        }\n\n        .conversion-inner {\n            position: relative;\n            z-index: 1;\n        }\n\n        \/* === LOADER === *\/\n        .loader {\n            display: inline-block;\n            width: 60px;\n            height: 60px;\n            margin-bottom: 32px;\n            border: 4px solid rgba(255,255,255,0.1);\n            border-top: 4px solid var(--primary);\n            border-radius: 50%;\n            animation: spin 1s linear infinite;\n        }\n\n        @keyframes spin {\n            0% { transform: rotate(0deg); }\n            100% { transform: rotate(360deg); }\n        }\n\n        .conversion-title {\n            font-size: clamp(20px, 3vw, 28px);\n            font-weight: 700;\n            margin-bottom: 12px;\n            animation: fadeInUp 0.8s ease;\n        }\n\n        .conversion-title .highlight {\n            color: var(--primary);\n        }\n\n        .conversion-text {\n            font-size: 16px;\n            color: var(--gray);\n            line-height: 1.6;\n            margin-bottom: 24px;\n            animation: fadeInUp 0.9s ease;\n        }\n\n        .conversion-status {\n            font-size: 14px;\n            color: var(--green);\n            display: flex;\n            align-items: center;\n            justify-content: center;\n            gap: 8px;\n            animation: fadeInUp 1s ease;\n        }\n\n        .status-dot {\n            width: 8px;\n            height: 8px;\n            background: var(--green);\n            border-radius: 50%;\n            animation: pulse 2s infinite;\n        }\n\n        @keyframes pulse {\n            0%, 100% { opacity: 1; }\n            50% { opacity: 0.5; }\n        }\n\n        .countdown {\n            margin-top: 32px;\n            padding-top: 24px;\n            border-top: 1px solid rgba(255,255,255,0.06);\n            font-size: 13px;\n            color: var(--gray);\n        }\n\n        .countdown-number {\n            font-family: 'Bebas Neue', sans-serif;\n            font-size: 24px;\n            color: var(--primary);\n            margin-top: 8px;\n        }\n\n        \/* === ANIMATIONS === *\/\n        @keyframes fadeInDown {\n            from { opacity: 0; transform: translateY(-20px); }\n            to { opacity: 1; transform: translateY(0); }\n        }\n\n        @keyframes fadeInUp {\n            from { opacity: 0; transform: translateY(20px); }\n            to { opacity: 1; transform: translateY(0); }\n        }\n\n        \/* === RESPONSIVE === *\/\n        @media (max-width: 768px) {\n            .logo-conversion {\n                font-size: 36px;\n            }\n\n            .conversion-box {\n                padding: 32px 24px;\n            }\n\n            .loader {\n                width: 50px;\n                height: 50px;\n            }\n        }\n    <\/style>\n<\/head>\n<body>\n\n    <!-- CONVERSION PAGE -->\n    <section class=\"conversion-page\">\n        <div class=\"container\">\n            <div class=\"conversion-content\">\n                <div class=\"logo-conversion\">AUTO<span>PRIME<\/span><\/div>\n\n                <div class=\"conversion-box\">\n                    <div class=\"conversion-inner\">\n                        <div class=\"loader\"><\/div>\n\n                        <h1 class=\"conversion-title\">\n                            Voc\u00ea ser\u00e1 redirecionado para o <span class=\"highlight\">pagamento<\/span>\n                        <\/h1>\n\n                        <p class=\"conversion-text\">\n                            Clique no link ou aguarde enquanto redirecionamos voc\u00ea para a plataforma de pagamento segura. L\u00e1 voc\u00ea finalizar\u00e1 a compra do AutoPrime.\n                        <\/p>\n\n                        <div class=\"conversion-status\">\n                            <span class=\"status-dot\"><\/span>\n                            <span>Redirecionando com seguran\u00e7a<\/span>\n                        <\/div>\n\n                        <div class=\"countdown\">\n                            <p>Redirecionando em:<\/p>\n                            <div class=\"countdown-number\" id=\"countdownTimer\">3<\/div>\n                        <\/div>\n                    <\/div>\n                <\/div>\n            <\/div>\n        <\/div>\n    <\/section>\n\n    <!-- Meta Pixel Code -->\n    <script>\n    !function(f,b,e,v,n,t,s)\n    {if(f.fbq)return;n=f.fbq=function(){n.callMethod?\n    n.callMethod.apply(n,arguments):n.queue.push(arguments)};\n    if(!f._fbq)f._fbq=n;n.push=n;n.loaded=!0;n.version='2.0';\n    n.queue=[];t=b.createElement(e);t.async=!0;\n    t.src=v;s=b.getElementsByTagName(e)[0];\n    s.parentNode.insertBefore(t,s)}(window, document,'script',\n    'https:\/\/connect.facebook.net\/en_US\/fbevents.js');\n    fbq('init', '916898974065742');\n    fbq('track', 'PageView');\n    <\/script>\n    <noscript><img decoding=\"async\" height=\"1\" width=\"1\" style=\"display:none\"\n    src=\"https:\/\/www.facebook.com\/tr?id=916898974065742&ev=PageView&noscript=1\"\n    \/><\/noscript>\n    <!-- End Meta Pixel Code -->\n\n    <!-- CONVERSION TRACKING SCRIPT -->\n    <script>\n        \/\/ Registra o evento de checkout iniciado\n        fbq('track', 'InitiateCheckout', {\n            value: 29.90,\n            currency: 'BRL',\n            content_name: 'AutoPrime - IA para Oficinas',\n            content_type: 'product'\n        });\n\n        \/\/ Countdown e redirecionamento\n        let countdown = 3;\n        const countdownTimer = document.getElementById('countdownTimer');\n        \n        const timer = setInterval(() => {\n            countdown--;\n            countdownTimer.textContent = countdown;\n            \n            if (countdown <= 0) {\n                clearInterval(timer);\n                \/\/ SUBSTITUA PELA URL DE DESTINO\n                window.location.href = 'https:\/\/pay.kiwify.com.br\/V9MHoHc';\n            }\n        }, 1000);\n\n        \/\/ Redirecionamento imediato com clique ou ap\u00f3s 15 segundos como fallback\n        document.addEventListener('click', () => {\n            window.location.href = 'https:\/\/pay.kiwify.com.br\/V9MHoHc';\n        });\n\n        setTimeout(() => {\n            if (countdown > 0) {\n                window.location.href = 'https:\/\/pay.kiwify.com.br\/V9MHoHc';\n            }\n        }, 15000);\n    <\/script>\n\n    <noscript>\n        <img decoding=\"async\" height=\"1\" width=\"1\" style=\"display:none\" src=\"https:\/\/www.facebook.com\/tr?id=916898974065742&ev=InitiateCheckout&noscript=1\" \/>\n    <\/noscript>\n\n<\/body>\n<\/html>\n\t\t\t\t<\/div>\n\t\t\t\t\t<\/div>\n\t\t\t\t<\/div>\n\t\t\t\t<\/div>\n\t\t","protected":false},"excerpt":{"rendered":"<p>Redirecionando para pagamento \u2014 AutoPrime AUTOPRIME Voc\u00ea ser\u00e1 redirecionado para o pagamento Clique no link ou aguarde enquanto redirecionamos voc\u00ea para a plataforma de pagamento segura. L\u00e1 voc\u00ea finalizar\u00e1 a compra do AutoPrime. Redirecionando com seguran\u00e7a Redirecionando em: 3<\/p>\n","protected":false},"author":1,"featured_media":0,"parent":0,"menu_order":0,"comment_status":"closed","ping_status":"closed","template":"elementor_canvas","meta":{"footnotes":""},"class_list":["post-67","page","type-page","status-publish","hentry"],"_links":{"self":[{"href":"https:\/\/autoprime.ia.reway.com.br\/index.php\/wp-json\/wp\/v2\/pages\/67","targetHints":{"allow":["GET"]}}],"collection":[{"href":"https:\/\/autoprime.ia.reway.com.br\/index.php\/wp-json\/wp\/v2\/pages"}],"about":[{"href":"https:\/\/autoprime.ia.reway.com.br\/index.php\/wp-json\/wp\/v2\/types\/page"}],"author":[{"embeddable":true,"href":"https:\/\/autoprime.ia.reway.com.br\/index.php\/wp-json\/wp\/v2\/users\/1"}],"replies":[{"embeddable":true,"href":"https:\/\/autoprime.ia.reway.com.br\/index.php\/wp-json\/wp\/v2\/comments?post=67"}],"version-history":[{"count":16,"href":"https:\/\/autoprime.ia.reway.com.br\/index.php\/wp-json\/wp\/v2\/pages\/67\/revisions"}],"predecessor-version":[{"id":87,"href":"https:\/\/autoprime.ia.reway.com.br\/index.php\/wp-json\/wp\/v2\/pages\/67\/revisions\/87"}],"wp:attachment":[{"href":"https:\/\/autoprime.ia.reway.com.br\/index.php\/wp-json\/wp\/v2\/media?parent=67"}],"curies":[{"name":"wp","href":"https:\/\/api.w.org\/{rel}","templated":true}]}}